{"id":16693,"date":"2023-06-30T14:55:07","date_gmt":"2023-06-30T17:55:07","guid":{"rendered":"https:\/\/lovolagricultura.genuinne.com.br\/servicos-copy\/"},"modified":"2024-12-04T08:34:54","modified_gmt":"2024-12-04T11:34:54","slug":"area-de-atuacao","status":"publish","type":"page","link":"https:\/\/lovolbrasil.com.br\/agricultura\/area-de-atuacao\/","title":{"rendered":"\u00c1rea de atua\u00e7\u00e3o"},"content":{"rendered":"\t\t<div data-elementor-type=\"wp-page\" data-elementor-id=\"16693\" class=\"elementor elementor-16693\">\n\t\t\t\t\t\t<section class=\"has_ae_slider elementor-section elementor-top-section elementor-element elementor-element-40760c9 elementor-section-content-top elementor-section-boxed elementor-section-height-default elementor-section-height-default ae-bg-gallery-type-default\" data-id=\"40760c9\" data-element_type=\"section\">\n\t\t\t\t\t\t<div class=\"elementor-container elementor-column-gap-wide\">\n\t\t\t\t\t<div class=\"has_ae_slider elementor-column elementor-col-50 elementor-top-column elementor-element elementor-element-d863c8d ae-bg-gallery-type-default\" data-id=\"d863c8d\" data-element_type=\"column\">\n\t\t\t<div class=\"elementor-widget-wrap elementor-element-populated\">\n\t\t\t\t\t\t<div class=\"elementor-element elementor-element-0543fec elementor-widget elementor-widget-industrium_heading\" data-id=\"0543fec\" data-element_type=\"widget\" data-widget_type=\"industrium_heading.default\">\n\t\t\t\t<div class=\"elementor-widget-container\">\n\t\t\t<div class=\"industrium-heading-widget\"><h2 class=\"industrium-heading\"><span class=\"industrium-subheading\">Seja um concession\u00e1rio<\/span><span class=\"industrium-heading-content\">Fale agora com um consultor<\/span><\/h2><\/div>\t\t<\/div>\n\t\t\t\t<\/div>\n\t\t\t\t<div class=\"elementor-element elementor-element-85c12c2 elementor-icon-list--layout-traditional elementor-list-item-link-full_width elementor-widget elementor-widget-icon-list\" data-id=\"85c12c2\" data-element_type=\"widget\" data-widget_type=\"icon-list.default\">\n\t\t\t\t<div class=\"elementor-widget-container\">\n\t\t\t\t\t<ul class=\"elementor-icon-list-items\">\n\t\t\t\t\t\t\t<li class=\"elementor-icon-list-item\">\n\t\t\t\t\t\t\t\t\t\t\t<a href=\"mailto:agricultura@lovolbrasil.com.br\">\n\n\t\t\t\t\t\t\t\t\t\t\t\t<span class=\"elementor-icon-list-icon\">\n\t\t\t\t\t\t\t<i aria-hidden=\"true\" class=\"far fa-envelope\"><\/i>\t\t\t\t\t\t<\/span>\n\t\t\t\t\t\t\t\t\t\t<span class=\"elementor-icon-list-text\">agricultura@lovolbrasil.com.br<\/span>\n\t\t\t\t\t\t\t\t\t\t\t<\/a>\n\t\t\t\t\t\t\t\t\t<\/li>\n\t\t\t\t\t\t\t\t<li class=\"elementor-icon-list-item\">\n\t\t\t\t\t\t\t\t\t\t\t<a href=\"tel:3431993192\">\n\n\t\t\t\t\t\t\t\t\t\t\t\t<span class=\"elementor-icon-list-icon\">\n\t\t\t\t\t\t\t<i aria-hidden=\"true\" class=\"fas fa-phone-alt\"><\/i>\t\t\t\t\t\t<\/span>\n\t\t\t\t\t\t\t\t\t\t<span class=\"elementor-icon-list-text\">34 3099-3162<\/span>\n\t\t\t\t\t\t\t\t\t\t\t<\/a>\n\t\t\t\t\t\t\t\t\t<\/li>\n\t\t\t\t\t\t<\/ul>\n\t\t\t\t<\/div>\n\t\t\t\t<\/div>\n\t\t\t\t<div class=\"elementor-element elementor-element-0c0c033 elementor-widget elementor-widget-text-editor\" data-id=\"0c0c033\" data-element_type=\"widget\" data-widget_type=\"text-editor.default\">\n\t\t\t\t<div class=\"elementor-widget-container\">\n\t\t\t\t\t\t\t<p>C\u00e1ssio Henrique Silva<br>Desenvolvimento de rede<\/p>\n<div style=\"flex-basis: var(--flex-basis); flex-grow: var(--flex-grow); flex-shrink: var(--flex-shrink); order: var(--order); align-self: var(--align-self); flex-direction: var(--flex-direction); flex-wrap: var(--flex-wrap); justify-content: var(--justify-content); align-items: var(--align-items); align-content: var(--align-content); gap: var(--gap); --swiper-theme-color: #000; --swiper-navigation-size: 44px; --swiper-pagination-bullet-size: 6px; --swiper-pagination-bullet-horizontal-gap: 6px; --widgets-spacing: 30px; width: 1340px;\" data-id=\"021b818\" data-element_type=\"widget\" data-widget_type=\"industrium_heading.default\">\n<div style=\"transition: background .3s,border .3s,border-radius .3s,box-shadow .3s,transform var(--e-transform-transition-duration,.4s); margin: 0px 0px 40px; padding: 0px 147.398px 0px 0px;\">\n<div>\n<h2><span style=\"color: #78858d;\"><br><\/span><\/h2><h2><span style=\"color: #78858d;\"><br><\/span><span style=\"color: #78858d; font-size: 16px; font-weight: 400; letter-spacing: normal;\">Conhe\u00e7a nossas<\/span><\/h2>\n<h2>Concession\u00e1rias<\/h2>\n<\/div>\n<\/div>\n<\/div>\n<div style=\"flex-basis: var(--flex-basis); flex-grow: var(--flex-grow); flex-shrink: var(--flex-shrink); order: var(--order); align-self: var(--align-self); flex-direction: var(--flex-direction); flex-wrap: var(--flex-wrap); justify-content: var(--justify-content); align-items: var(--align-items); align-content: var(--align-content); gap: var(--gap); --swiper-theme-color: #000; --swiper-navigation-size: 44px; --swiper-pagination-bullet-size: 6px; --swiper-pagination-bullet-horizontal-gap: 6px; --widgets-spacing: 30px; width: 1340px; margin-bottom: 0px;\" data-id=\"b7adeb7\" data-element_type=\"widget\" data-widget_type=\"heading.default\">\n<div style=\"transition: background .3s,border .3s,border-radius .3s,box-shadow .3s,transform var(--e-transform-transition-duration,.4s);\">\n<h2 style=\"overflow-wrap: break-word; font-size: 22px; line-height: 1.2em; font-family: Manrope, Arial, Helvetica, sans-serif; text-transform: none; font-style: normal; letter-spacing: -0.03em; word-spacing: 0px; font-weight: bold; box-sizing: border-box; padding: 0px; margin: 0px; color: #17262f;\">Lidon M\u00e1quinas Agr\u00edcolas<\/h2>\n<div style=\"flex-basis: var(--flex-basis); flex-grow: var(--flex-grow); flex-shrink: var(--flex-shrink); order: var(--order); align-self: var(--align-self); flex-direction: var(--flex-direction); flex-wrap: var(--flex-wrap); justify-content: var(--justify-content); align-items: var(--align-items); align-content: var(--align-content); gap: var(--gap); --swiper-theme-color: #000; --swiper-navigation-size: 44px; --swiper-pagination-bullet-size: 6px; --swiper-pagination-bullet-horizontal-gap: 6px; --widgets-spacing: 30px; width: 1340px; color: #4a5257; font-size: 18px; font-weight: 400; letter-spacing: normal;\" data-id=\"b7adeb7\" data-element_type=\"widget\" data-widget_type=\"heading.default\">\n<div style=\"transition: background .3s,border .3s,border-radius .3s,box-shadow .3s,transform var(--e-transform-transition-duration,.4s);\">&nbsp;<\/div>\n<\/div>\n<div style=\"flex-basis: var(--flex-basis); flex-grow: var(--flex-grow); flex-shrink: var(--flex-shrink); order: var(--order); align-self: var(--align-self); flex-direction: var(--flex-direction); flex-wrap: var(--flex-wrap); justify-content: var(--justify-content); align-items: var(--align-items); align-content: var(--align-content); gap: var(--gap); --swiper-theme-color: #000; --swiper-navigation-size: 44px; --swiper-pagination-bullet-size: 6px; --swiper-pagination-bullet-horizontal-gap: 6px; --widgets-spacing: 30px; width: 1340px; margin-bottom: 0px; --e-icon-list-icon-size: 20px; --e-icon-list-icon-align: center; --e-icon-list-icon-margin: 0 calc(var(--e-icon-list-icon-size, 1em) * 0.125); --icon-vertical-align: flex-start; --icon-vertical-offset: 8px; color: #4a5257; font-size: 18px; letter-spacing: normal; font-weight: 400;\" data-id=\"2b00589\" data-element_type=\"widget\" data-widget_type=\"icon-list.default\">\n<div style=\"transition: background .3s,border .3s,border-radius .3s,box-shadow .3s,transform var(--e-transform-transition-duration,.4s); margin: 10px 0px 0px;\">\n<ul>\n<li style=\"padding-bottom: calc(2px);\"><span style=\"transition: color 0.3s ease 0s; font-size: 16px;\">Rua: Marechal Floriano n\u00ba 1536 &#8211; Bairro: Marciano Brand\u00e3o<\/span><\/li>\n<li style=\"padding-bottom: calc(2px); margin-top: calc(2px);\"><span style=\"transition: color 0.3s ease 0s; font-size: 16px;\">(34) 3099-3162<\/span><\/li>\n<li style=\"margin-top: calc(2px);\"><span style=\"transition: color 0.3s ease 0s; font-size: 16px;\"><strong>Patroc\u00ednio &#8211; MG&nbsp;<\/strong>&#8211; CEP: 38740-454<\/span><\/li>\n<\/ul>\n<\/div>\n<\/div>\n<h2 style=\"font-size: 22px; margin-right: 0px; margin-bottom: 0px; margin-left: 0px; padding: 0px;\">GVA Com\u00e9rcio de M\u00e1quinas Agr\u00edcolas<\/h2>\n<div style=\"flex-basis: var(--flex-basis); flex-grow: var(--flex-grow); flex-shrink: var(--flex-shrink); order: var(--order); align-self: var(--align-self); flex-direction: var(--flex-direction); flex-wrap: var(--flex-wrap); justify-content: var(--justify-content); align-items: var(--align-items); align-content: var(--align-content); gap: var(--gap); --swiper-theme-color: #000; --swiper-navigation-size: 44px; --swiper-pagination-bullet-size: 6px; --swiper-pagination-bullet-horizontal-gap: 6px; --widgets-spacing: 30px; width: 1340px; color: #4a5257; font-size: 18px; font-weight: 400; letter-spacing: normal;\" data-id=\"b7adeb7\" data-element_type=\"widget\" data-widget_type=\"heading.default\">\n<div style=\"transition: background .3s,border .3s,border-radius .3s,box-shadow .3s,transform var(--e-transform-transition-duration,.4s);\">&nbsp;<\/div>\n<\/div>\n<div style=\"flex-basis: var(--flex-basis); flex-grow: var(--flex-grow); flex-shrink: var(--flex-shrink); order: var(--order); align-self: var(--align-self); flex-direction: var(--flex-direction); flex-wrap: var(--flex-wrap); justify-content: var(--justify-content); align-items: var(--align-items); align-content: var(--align-content); gap: var(--gap); --swiper-theme-color: #000; --swiper-navigation-size: 44px; --swiper-pagination-bullet-size: 6px; --swiper-pagination-bullet-horizontal-gap: 6px; --widgets-spacing: 30px; width: 1340px; margin-bottom: 0px; --e-icon-list-icon-size: 20px; --e-icon-list-icon-align: center; --e-icon-list-icon-margin: 0 calc(var(--e-icon-list-icon-size, 1em) * 0.125); --icon-vertical-align: flex-start; --icon-vertical-offset: 8px;\" data-id=\"2b00589\" data-element_type=\"widget\" data-widget_type=\"icon-list.default\">\n<div style=\"transition: background .3s,border .3s,border-radius .3s,box-shadow .3s,transform var(--e-transform-transition-duration,.4s); margin: 10px 0px 0px;\">\n<ul style=\"color: #4a5257; font-weight: 400; letter-spacing: normal; font-size: 18px;\">\n<li style=\"padding-bottom: calc(2px);\"><span style=\"transition: color 0.3s ease 0s; font-size: 16px;\">Avenida: Enedino Alves da Paix\u00e3o n\u00ba 1654 &#8211; Bairro: Santa Cruz<\/span><\/li>\n<li style=\"padding-bottom: calc(2px); margin-top: calc(2px);\"><span style=\"transition: color 0.3s ease 0s; font-size: 16px;\">(77) 3628-4797<\/span><\/li>\n<li style=\"margin-top: calc(2px);\"><span style=\"transition: color 0.3s ease 0s; font-size: 16px;\"><strong>Luiz Eduardo Magalh\u00e3es &#8211; BA&nbsp;<\/strong>&#8211; CEP: 47855-244<\/span><\/li>\n<\/ul>\n<div>\n<h2 style=\"color: #4a5257; letter-spacing: normal; font-size: 22px; margin-top: 50px; margin-right: 0px; margin-left: 0px; padding: 0px;\">&nbsp;<\/h2>\n<div>&nbsp;<\/div>\n<\/div>\n<\/div>\n<\/div>\n<\/div>\n<\/div>\t\t\t\t\t\t<\/div>\n\t\t\t\t<\/div>\n\t\t\t\t\t<\/div>\n\t\t<\/div>\n\t\t\t\t<div class=\"has_ae_slider elementor-column elementor-col-50 elementor-top-column elementor-element elementor-element-d8dbb69 ae-bg-gallery-type-default\" data-id=\"d8dbb69\" data-element_type=\"column\">\n\t\t\t<div class=\"elementor-widget-wrap elementor-element-populated\">\n\t\t\t\t\t\t<div class=\"elementor-element elementor-element-07c3267 elementor-widget elementor-widget-industrium_wpforms\" data-id=\"07c3267\" data-element_type=\"widget\" data-widget_type=\"industrium_wpforms.default\">\n\t\t\t\t<div class=\"elementor-widget-container\">\n\t\t\t        <div class=\"industrium-wpforms-widget\">\n            <div class=\"wpforms-container wpforms-container-full wpforms-render-modern\" id=\"wpforms-16706\"><form id=\"wpforms-form-16706\" class=\"wpforms-validate wpforms-form wpforms-ajax-form\" data-formid=\"16706\" method=\"post\" enctype=\"multipart\/form-data\" action=\"\/agricultura\/wp-json\/wp\/v2\/pages\/16693\" data-token=\"daf11033f436912742d1aecbdfb92feb\" data-token-time=\"1776656120\"><div class=\"wpforms-head-container\"><div class=\"wpforms-description\">Utilize este formul\u00e1rio para entrar em contato com nossa equipe comercial.<\/div><\/div><noscript class=\"wpforms-error-noscript\">Ative o JavaScript no seu navegador para preencher este formul\u00e1rio.<\/noscript><div class=\"wpforms-hidden\" id=\"wpforms-error-noscript\">Ative o JavaScript no seu navegador para preencher este formul\u00e1rio.<\/div><div class=\"wpforms-field-container\"><div id=\"wpforms-16706-field_1-container\" class=\"wpforms-field wpforms-field-text\" data-field-id=\"1\"><label class=\"wpforms-field-label wpforms-label-hide\" for=\"wpforms-16706-field_1\" aria-hidden=\"false\">Nome <span class=\"wpforms-required-label\" aria-hidden=\"true\">*<\/span><\/label><input type=\"text\" id=\"wpforms-16706-field_1\" class=\"wpforms-field-large wpforms-field-required\" name=\"wpforms[fields][1]\" placeholder=\"Digite seu nome\" aria-errormessage=\"wpforms-16706-field_1-error\" required><\/div><div id=\"wpforms-16706-field_6-container\" class=\"wpforms-field wpforms-field-text\" data-field-id=\"6\"><label class=\"wpforms-field-label wpforms-label-hide\" for=\"wpforms-16706-field_6\" aria-hidden=\"false\">Cidade\/UF <span class=\"wpforms-required-label\" aria-hidden=\"true\">*<\/span><\/label><input type=\"text\" id=\"wpforms-16706-field_6\" class=\"wpforms-field-large wpforms-field-required\" name=\"wpforms[fields][6]\" placeholder=\"Digite a cidade e estado\" aria-errormessage=\"wpforms-16706-field_6-error\" required><\/div><div id=\"wpforms-16706-field_3-container\" class=\"wpforms-field wpforms-field-email\" data-field-id=\"3\"><label class=\"wpforms-field-label wpforms-label-hide\" for=\"wpforms-16706-field_3\" aria-hidden=\"false\">E-mail <span class=\"wpforms-required-label\" aria-hidden=\"true\">*<\/span><\/label><input type=\"email\" id=\"wpforms-16706-field_3\" class=\"wpforms-field-large wpforms-field-required\" name=\"wpforms[fields][3]\" placeholder=\"Digite seu e-mail\" spellcheck=\"false\" aria-errormessage=\"wpforms-16706-field_3-error\" required><\/div><div id=\"wpforms-16706-field_4-container\" class=\"wpforms-field wpforms-field-text\" data-field-id=\"4\"><label class=\"wpforms-field-label wpforms-label-hide\" for=\"wpforms-16706-field_4\" aria-hidden=\"false\">Telefone<\/label><input type=\"text\" id=\"wpforms-16706-field_4\" class=\"wpforms-field-large wpforms-masked-input\" data-rule-inputmask-incomplete=\"1\" data-inputmask-mask=\"99 9999-9999[9]\" name=\"wpforms[fields][4]\" placeholder=\"Digite seu telefone\" aria-errormessage=\"wpforms-16706-field_4-error\" ><\/div><\/div><!-- .wpforms-field-container --><div class=\"wpforms-recaptcha-container wpforms-is-recaptcha wpforms-is-recaptcha-type-v3\" ><input type=\"hidden\" name=\"wpforms[recaptcha]\" value=\"\"><\/div><div class=\"wpforms-submit-container\" ><input type=\"hidden\" name=\"wpforms[id]\" value=\"16706\"><input type=\"hidden\" name=\"page_title\" value=\"\"><input type=\"hidden\" name=\"page_url\" value=\"https:\/\/lovolbrasil.com.br\/agricultura\/wp-json\/wp\/v2\/pages\/16693\"><button type=\"submit\" name=\"wpforms[submit]\" id=\"wpforms-submit-16706\" class=\"wpforms-submit\" data-alt-text=\"Enviando...\" data-submit-text=\"Enviar\" aria-live=\"assertive\" value=\"wpforms-submit\">Enviar<\/button><img decoding=\"async\" src=\"https:\/\/lovolbrasil.com.br\/agricultura\/wp-content\/plugins\/wpforms-lite\/assets\/images\/submit-spin.svg\" class=\"wpforms-submit-spinner\" style=\"display: none;\" width=\"26\" height=\"26\" alt=\"Carregando\"><\/div><\/form><\/div>  <!-- .wpforms-container -->        <\/div>\n        \t\t<\/div>\n\t\t\t\t<\/div>\n\t\t\t\t<div class=\"elementor-element elementor-element-a2f7185 elementor-widget-widescreen__width-initial elementor-widget elementor-widget-text-editor\" data-id=\"a2f7185\" data-element_type=\"widget\" data-widget_type=\"text-editor.default\">\n\t\t\t\t<div class=\"elementor-widget-container\">\n\t\t\t\t\t\t\t<p>\u00a0<\/p><div style=\"flex-basis: var(--flex-basis); flex-grow: var(--flex-grow); flex-shrink: var(--flex-shrink); order: var(--order); align-self: var(--align-self); flex-direction: var(--flex-direction); flex-wrap: var(--flex-wrap); justify-content: var(--justify-content); align-items: var(--align-items); align-content: var(--align-content); gap: var(--gap); --swiper-theme-color: #000; --swiper-navigation-size: 44px; --swiper-pagination-bullet-size: 6px; --swiper-pagination-bullet-horizontal-gap: 6px; --widgets-spacing: 30px; width: 1340px; margin-bottom: 0px;\" data-id=\"b7adeb7\" data-element_type=\"widget\" data-widget_type=\"heading.default\"><div style=\"transition: background .3s,border .3s,border-radius .3s,box-shadow .3s,transform var(--e-transform-transition-duration,.4s);\"><div style=\"flex-basis: var(--flex-basis); flex-grow: var(--flex-grow); flex-shrink: var(--flex-shrink); order: var(--order); align-self: var(--align-self); flex-direction: var(--flex-direction); flex-wrap: var(--flex-wrap); justify-content: var(--justify-content); align-items: var(--align-items); align-content: var(--align-content); gap: var(--gap); --swiper-theme-color: #000; --swiper-navigation-size: 44px; --swiper-pagination-bullet-size: 6px; --swiper-pagination-bullet-horizontal-gap: 6px; --widgets-spacing: 30px; width: 1340px; margin-bottom: 0px; --e-icon-list-icon-size: 20px; --e-icon-list-icon-align: center; --e-icon-list-icon-margin: 0 calc(var(--e-icon-list-icon-size, 1em) * 0.125); --icon-vertical-align: flex-start; --icon-vertical-offset: 8px;\" data-id=\"2b00589\" data-element_type=\"widget\" data-widget_type=\"icon-list.default\"><div style=\"transition: background .3s,border .3s,border-radius .3s,box-shadow .3s,transform var(--e-transform-transition-duration,.4s); margin: 10px 0px 0px;\"><div><h2 style=\"color: #4a5257; letter-spacing: normal; font-size: 22px; margin-top: 50px; margin-right: 0px; margin-left: 0px; padding: 0px;\">WESTMAQ<\/h2><div style=\"color: #4a5257; letter-spacing: normal; font-weight: 400;\">\u00a0<\/div><div><ul style=\"color: #4a5257; letter-spacing: normal; margin-bottom: 1.875em;\"><li style=\"font-weight: 400; padding-bottom: calc(2px);\"><span style=\"transition: color 0.3s; font-size: 16px;\">Avenida Industrial, n\u00ba 50, Bairro: Industrial I<\/span><\/li><li style=\"font-weight: 400; padding-bottom: calc(2px);\"><span style=\"transition: color 0.3s; font-size: 16px;\">(65)3611-6450 \/(65) 99994-9242 \/ (65)98118-0040<\/span><\/li><li style=\"padding-bottom: calc(2px);\"><span style=\"font-size: 16px;\"><b>\u00c1gua Boa -MATO GROSSO<\/b> &#8211; CEP:78635-000<\/span><\/li><\/ul><div style=\"color: #4a5257; letter-spacing: normal;\"><span style=\"font-size: 16px;\">\u00a0<\/span><\/div><ul style=\"margin-bottom: 1.875em;\"><li style=\"padding-bottom: calc(2px);\"><span style=\"font-size: 16px;\">\u00a0Avenida Ayrton Senna da Silva, n\u00ba 455 Bairro:Pascoal Ramos<\/span><\/li><li style=\"padding-bottom: calc(2px);\"><span style=\"transition: color 0.3s; font-size: 16px;\">(65)3611-6450 \/(65) 99994-9242 \/ (65)98118-0040<\/span><\/li><li style=\"padding-bottom: calc(2px);\"><span style=\"transition: color 0.3s; font-size: 16px;\"><b>Cuiab\u00e1 &#8211; MATO GROSSO<\/b> &#8211; CEP :78098-480<\/span><\/li><\/ul><div>\u00a0<\/div><ul style=\"margin-bottom: 1.875em;\"><li style=\"padding-bottom: calc(2px);\">\u00a0Rua Jo\u00e3o Pedro Moreira de Carvalho, n\u00ba 5.742 Bairro: Jardim Safirna<\/li><li style=\"padding-bottom: calc(2px);\"><span style=\"transition: color 0.3s; font-size: 16px;\">(65)3611-6450 \/(65) 99994-9242 \/ (65)98118-0040<\/span><\/li><li style=\"padding-bottom: calc(2px);\"><span style=\"transition: color 0.3s; font-size: 16px;\"><b>Sinop &#8211; MATO GROSSO<\/b> &#8211; CEP:78.551-330<\/span><\/li><\/ul><div><span style=\"font-size: 16px;\">\u00a0<\/span><\/div><ul style=\"margin-bottom: 1.875em;\"><li style=\"padding-bottom: calc(2px);\"><span style=\"transition: color 0.3s;\"><span style=\"font-size: 16px;\">\u00a0Rua da Beira, n\u00ba 6.591, Bairro: Lagoa<\/span><\/span><\/li><li style=\"padding-bottom: calc(2px);\"><span style=\"transition: color 0.3s; font-size: 16px;\">(65)3611-6450 \/(65) 99994-9242 \/ (65)98118-0040<\/span><\/li><li style=\"padding-bottom: calc(2px);\"><span style=\"transition: color 0.3s; font-size: 16px;\"><b>Porto Velho &#8211; ROND\u00d4NIA<\/b>\u00a0 &#8211; CEP 76812-003<\/span><\/li><\/ul><\/div><\/div><\/div><\/div><\/div><\/div>\t\t\t\t\t\t<\/div>\n\t\t\t\t<\/div>\n\t\t\t\t\t<\/div>\n\t\t<\/div>\n\t\t\t\t\t<\/div>\n\t\t<\/section>\n\t\t\t\t<\/div>\n\t\t","protected":false},"excerpt":{"rendered":"<p>agricultura@lovolbrasil.com.br 34 3099-3162 C\u00e1ssio Henrique SilvaDesenvolvimento de rede Conhe\u00e7a nossas Concession\u00e1rias Lidon M\u00e1quinas Agr\u00edcolas &nbsp; Rua: Marechal Floriano n\u00ba 1536 &#8211; Bairro: Marciano Brand\u00e3o (34) 3099-3162 Patroc\u00ednio &#8211; MG&nbsp;&#8211; CEP: 38740-454 GVA Com\u00e9rcio de M\u00e1quinas Agr\u00edcolas &nbsp; Avenida: Enedino Alves da&#8230;<\/p>\n","protected":false},"author":1,"featured_media":0,"parent":0,"menu_order":0,"comment_status":"closed","ping_status":"closed","template":"","meta":{"footnotes":""},"class_list":["post-16693","page","type-page","status-publish","hentry"],"aioseo_notices":[],"_links":{"self":[{"href":"https:\/\/lovolbrasil.com.br\/agricultura\/wp-json\/wp\/v2\/pages\/16693","targetHints":{"allow":["GET"]}}],"collection":[{"href":"https:\/\/lovolbrasil.com.br\/agricultura\/wp-json\/wp\/v2\/pages"}],"about":[{"href":"https:\/\/lovolbrasil.com.br\/agricultura\/wp-json\/wp\/v2\/types\/page"}],"author":[{"embeddable":true,"href":"https:\/\/lovolbrasil.com.br\/agricultura\/wp-json\/wp\/v2\/users\/1"}],"replies":[{"embeddable":true,"href":"https:\/\/lovolbrasil.com.br\/agricultura\/wp-json\/wp\/v2\/comments?post=16693"}],"version-history":[{"count":72,"href":"https:\/\/lovolbrasil.com.br\/agricultura\/wp-json\/wp\/v2\/pages\/16693\/revisions"}],"predecessor-version":[{"id":17936,"href":"https:\/\/lovolbrasil.com.br\/agricultura\/wp-json\/wp\/v2\/pages\/16693\/revisions\/17936"}],"wp:attachment":[{"href":"https:\/\/lovolbrasil.com.br\/agricultura\/wp-json\/wp\/v2\/media?parent=16693"}],"curies":[{"name":"wp","href":"https:\/\/api.w.org\/{rel}","templated":true}]}}