{"id":34,"date":"2022-02-16T08:01:47","date_gmt":"2022-02-16T08:01:47","guid":{"rendered":"https:\/\/demo.artureanec.com\/themes\/industrium\/?page_id=34"},"modified":"2024-06-27T09:02:36","modified_gmt":"2024-06-27T12:02:36","slug":"servicos","status":"publish","type":"page","link":"https:\/\/lovolbrasil.com.br\/agricultura\/servicos\/","title":{"rendered":"Servi\u00e7os"},"content":{"rendered":"\t\t<div data-elementor-type=\"wp-page\" data-elementor-id=\"34\" class=\"elementor elementor-34\">\n\t\t\t\t\t\t<section class=\"has_ae_slider elementor-section elementor-top-section elementor-element elementor-element-40760c9 elementor-section-content-top elementor-reverse-tablet elementor-reverse-mobile_extra elementor-reverse-mobile elementor-section-boxed elementor-section-height-default elementor-section-height-default ae-bg-gallery-type-default\" data-id=\"40760c9\" data-element_type=\"section\">\n\t\t\t\t\t\t<div class=\"elementor-container elementor-column-gap-wide\">\n\t\t\t\t\t<div class=\"has_ae_slider elementor-column elementor-col-50 elementor-top-column elementor-element elementor-element-d8dbb69 ae-bg-gallery-type-default\" data-id=\"d8dbb69\" data-element_type=\"column\">\n\t\t\t<div class=\"elementor-widget-wrap elementor-element-populated\">\n\t\t\t\t\t\t<div class=\"elementor-element elementor-element-09edcd2 animated-fast elementor-invisible elementor-widget elementor-widget-image\" data-id=\"09edcd2\" data-element_type=\"widget\" data-settings=\"{&quot;_animation&quot;:&quot;image_clip_right&quot;,&quot;_animation_tablet_extra&quot;:&quot;none&quot;,&quot;_animation_delay&quot;:400}\" data-widget_type=\"image.default\">\n\t\t\t\t<div class=\"elementor-widget-container\">\n\t\t\t\t\t\t\t\t\t\t\t\t\t<img fetchpriority=\"high\" decoding=\"async\" width=\"535\" height=\"680\" src=\"https:\/\/lovolbrasil.com.br\/agricultura\/wp-content\/uploads\/2023\/06\/servicos.jpg\" class=\"attachment-industrium_post_grid_3_columns size-industrium_post_grid_3_columns wp-image-16325\" alt=\"\" srcset=\"https:\/\/lovolbrasil.com.br\/agricultura\/wp-content\/uploads\/2023\/06\/servicos.jpg 535w, https:\/\/lovolbrasil.com.br\/agricultura\/wp-content\/uploads\/2023\/06\/servicos-236x300.jpg 236w\" sizes=\"(max-width: 535px) 100vw, 535px\" \/>\t\t\t\t\t\t\t\t\t\t\t\t\t<\/div>\n\t\t\t\t<\/div>\n\t\t\t\t<div class=\"elementor-element elementor-element-ba43b8d decoration-type-2 elementor-absolute elementor-hidden-tablet elementor-hidden-mobile_extra elementor-hidden-mobile elementor-widget elementor-widget-industrium_decoration\" data-id=\"ba43b8d\" data-element_type=\"widget\" data-settings=\"{&quot;_position&quot;:&quot;absolute&quot;}\" data-widget_type=\"industrium_decoration.default\">\n\t\t\t\t<div class=\"elementor-widget-container\">\n\t\t\t        <div class=\"decoration-widget\">\n            <div class=\"decoration-container\">\n                <div class=\"industrium-decoration\">\n                    <div><\/div><div><\/div><div><\/div>\n                <\/div>\n            <\/div>\n        <\/div>\n        \t\t<\/div>\n\t\t\t\t<\/div>\n\t\t\t\t\t<\/div>\n\t\t<\/div>\n\t\t\t\t<div class=\"has_ae_slider elementor-column elementor-col-50 elementor-top-column elementor-element elementor-element-d863c8d ae-bg-gallery-type-default\" data-id=\"d863c8d\" data-element_type=\"column\">\n\t\t\t<div class=\"elementor-widget-wrap elementor-element-populated\">\n\t\t\t\t\t\t<div class=\"elementor-element elementor-element-0543fec elementor-widget elementor-widget-industrium_heading\" data-id=\"0543fec\" data-element_type=\"widget\" data-widget_type=\"industrium_heading.default\">\n\t\t\t\t<div class=\"elementor-widget-container\">\n\t\t\t<div class=\"industrium-heading-widget\"><h2 class=\"industrium-heading\"><span class=\"industrium-subheading\">Servi\u00e7os Lovol<\/span><span class=\"industrium-heading-content\">Cuide bem de sua m\u00e1quina com a gente<\/span><\/h2><\/div>\t\t<\/div>\n\t\t\t\t<\/div>\n\t\t\t\t<div class=\"elementor-element elementor-element-e8215e6 elementor-widget elementor-widget-text-editor\" data-id=\"e8215e6\" data-element_type=\"widget\" data-widget_type=\"text-editor.default\">\n\t\t\t\t<div class=\"elementor-widget-container\">\n\t\t\t\t\t\t\t<p>A Lovol Brasil comercializa a mais completa linha de m\u00e1quinas Lovol com tecnologia de ponta, sendo uma empresa din\u00e2mica que se antecipa \u00e0s necessidades dos produtores rurais, gerando tecnologia voltada para o aumento da produtividade e do lucro no campo.<\/p><p>O sistema de monitoramento e telemetria, ao integrar as informa\u00e7\u00f5es fornecidas pelo PROTETOR DE MOTORES, oferece em tempo real a localiza\u00e7\u00e3o, o estado dos ve\u00edculos e as ocorr\u00eancias geradas, permitindo que voc\u00ea e sua equipe percorram os caminhos com a maior informa\u00e7\u00e3o e seguran\u00e7a, obtendo os dados da frota e visualizando os alarmes no sistema atrav\u00e9s de qualquer dispositivo conectado\u00a0\u00e0\u00a0internet<\/p>\t\t\t\t\t\t<\/div>\n\t\t\t\t<\/div>\n\t\t\t\t<div class=\"elementor-element elementor-element-6d014f0 elementor-widget elementor-widget-accordion\" data-id=\"6d014f0\" data-element_type=\"widget\" data-widget_type=\"accordion.default\">\n\t\t\t\t<div class=\"elementor-widget-container\">\n\t\t\t\t\t<div class=\"elementor-accordion\">\n\t\t\t\t\t\t\t<div class=\"elementor-accordion-item\">\n\t\t\t\t\t<div id=\"elementor-tab-title-1141\" class=\"elementor-tab-title\" data-tab=\"1\" role=\"button\" aria-controls=\"elementor-tab-content-1141\" aria-expanded=\"false\">\n\t\t\t\t\t\t\t\t\t\t\t\t\t<span class=\"elementor-accordion-icon elementor-accordion-icon-left\" aria-hidden=\"true\">\n\t\t\t\t\t\t\t\t\t\t\t\t\t\t\t<span class=\"elementor-accordion-icon-closed\"><svg xmlns=\"http:\/\/www.w3.org\/2000\/svg\" xmlns:xlink=\"http:\/\/www.w3.org\/1999\/xlink\" viewBox=\"0 0 16 16\"><path d=\"M14.374,15.999 L5.562,15.999 L5.562,14.374 L13.238,14.374 L0.0,1.135 L1.137,0.1 L14.374,13.236 L14.374,5.562 L15.999,5.562 L15.999,14.374 L15.999,15.999 L14.374,15.999 Z\"><\/path><\/svg><\/span>\n\t\t\t\t\t\t\t\t<span class=\"elementor-accordion-icon-opened\"><svg xmlns=\"http:\/\/www.w3.org\/2000\/svg\" viewBox=\"0 0 38.2 25.9\"><path d=\"m 38.2,12.9 v 0 L 25.3,0 l -2,2 9.5,9.5 H 0 v 2.9 h 32.8 l -9.5,9.5 2,2 10.9,-11 v 0 l 1.6,-1.5 z\"><\/path><\/svg><\/span>\n\t\t\t\t\t\t\t\t\t\t\t\t\t\t<\/span>\n\t\t\t\t\t\t\t\t\t\t\t\t<a class=\"elementor-accordion-title\" tabindex=\"0\">GARANTIA<\/a>\n\t\t\t\t\t<\/div>\n\t\t\t\t\t<div id=\"elementor-tab-content-1141\" class=\"elementor-tab-content elementor-clearfix\" data-tab=\"1\" role=\"region\" aria-labelledby=\"elementor-tab-title-1141\"><p>A LOVOL oferece uma garantia de 1 anos ou 2.000 horas de trabalho.<\/p><\/div>\n\t\t\t\t<\/div>\n\t\t\t\t\t\t\t<div class=\"elementor-accordion-item\">\n\t\t\t\t\t<div id=\"elementor-tab-title-1142\" class=\"elementor-tab-title\" data-tab=\"2\" role=\"button\" aria-controls=\"elementor-tab-content-1142\" aria-expanded=\"false\">\n\t\t\t\t\t\t\t\t\t\t\t\t\t<span class=\"elementor-accordion-icon elementor-accordion-icon-left\" aria-hidden=\"true\">\n\t\t\t\t\t\t\t\t\t\t\t\t\t\t\t<span class=\"elementor-accordion-icon-closed\"><svg xmlns=\"http:\/\/www.w3.org\/2000\/svg\" xmlns:xlink=\"http:\/\/www.w3.org\/1999\/xlink\" viewBox=\"0 0 16 16\"><path d=\"M14.374,15.999 L5.562,15.999 L5.562,14.374 L13.238,14.374 L0.0,1.135 L1.137,0.1 L14.374,13.236 L14.374,5.562 L15.999,5.562 L15.999,14.374 L15.999,15.999 L14.374,15.999 Z\"><\/path><\/svg><\/span>\n\t\t\t\t\t\t\t\t<span class=\"elementor-accordion-icon-opened\"><svg xmlns=\"http:\/\/www.w3.org\/2000\/svg\" viewBox=\"0 0 38.2 25.9\"><path d=\"m 38.2,12.9 v 0 L 25.3,0 l -2,2 9.5,9.5 H 0 v 2.9 h 32.8 l -9.5,9.5 2,2 10.9,-11 v 0 l 1.6,-1.5 z\"><\/path><\/svg><\/span>\n\t\t\t\t\t\t\t\t\t\t\t\t\t\t<\/span>\n\t\t\t\t\t\t\t\t\t\t\t\t<a class=\"elementor-accordion-title\" tabindex=\"0\">SERVI\u00c7OS<\/a>\n\t\t\t\t\t<\/div>\n\t\t\t\t\t<div id=\"elementor-tab-content-1142\" class=\"elementor-tab-content elementor-clearfix\" data-tab=\"2\" role=\"region\" aria-labelledby=\"elementor-tab-title-1142\"><p>A LOVOL \u00e9 conhecida em todo o mundo por seu conhecimento t\u00e9cnico e qualidade em servi\u00e7os. \u00c9 essa aptid\u00e3o e capacidade em conhecimento t\u00e9cnico que nos proporciona a confian\u00e7a na parceria com a LOVOl.<\/p><p>Desenvolvemos ao longo dos anos os recursos para atender clientes em nossa rede de distribui\u00e7\u00e3o nacional. Com o pessoal t\u00e9cnico necess\u00e1rio, oficinas e equipamentos e ve\u00edculos m\u00f3veis de servi\u00e7o de campo totalmente equipados, a LOVOL inspira confian\u00e7a nos produtos comercializados.<\/p><\/div>\n\t\t\t\t<\/div>\n\t\t\t\t\t\t\t<div class=\"elementor-accordion-item\">\n\t\t\t\t\t<div id=\"elementor-tab-title-1143\" class=\"elementor-tab-title\" data-tab=\"3\" role=\"button\" aria-controls=\"elementor-tab-content-1143\" aria-expanded=\"false\">\n\t\t\t\t\t\t\t\t\t\t\t\t\t<span class=\"elementor-accordion-icon elementor-accordion-icon-left\" aria-hidden=\"true\">\n\t\t\t\t\t\t\t\t\t\t\t\t\t\t\t<span class=\"elementor-accordion-icon-closed\"><svg xmlns=\"http:\/\/www.w3.org\/2000\/svg\" xmlns:xlink=\"http:\/\/www.w3.org\/1999\/xlink\" viewBox=\"0 0 16 16\"><path d=\"M14.374,15.999 L5.562,15.999 L5.562,14.374 L13.238,14.374 L0.0,1.135 L1.137,0.1 L14.374,13.236 L14.374,5.562 L15.999,5.562 L15.999,14.374 L15.999,15.999 L14.374,15.999 Z\"><\/path><\/svg><\/span>\n\t\t\t\t\t\t\t\t<span class=\"elementor-accordion-icon-opened\"><svg xmlns=\"http:\/\/www.w3.org\/2000\/svg\" viewBox=\"0 0 38.2 25.9\"><path d=\"m 38.2,12.9 v 0 L 25.3,0 l -2,2 9.5,9.5 H 0 v 2.9 h 32.8 l -9.5,9.5 2,2 10.9,-11 v 0 l 1.6,-1.5 z\"><\/path><\/svg><\/span>\n\t\t\t\t\t\t\t\t\t\t\t\t\t\t<\/span>\n\t\t\t\t\t\t\t\t\t\t\t\t<a class=\"elementor-accordion-title\" tabindex=\"0\">PE\u00c7AS<\/a>\n\t\t\t\t\t<\/div>\n\t\t\t\t\t<div id=\"elementor-tab-content-1143\" class=\"elementor-tab-content elementor-clearfix\" data-tab=\"3\" role=\"region\" aria-labelledby=\"elementor-tab-title-1143\"><p>O fornecimento das pe\u00e7as de reposi\u00e7\u00e3o corretas no devido tempo \u00e9 importante para manter todos os produtos de m\u00e1quinas funcionando. Nosso setor de pe\u00e7as de reposi\u00e7\u00e3o est\u00e1 comprometido com o fornecimento eficiente e eficaz de pe\u00e7as de reposi\u00e7\u00e3o para voc\u00ea. As nossas equipas dedicadas e orientadas para o servi\u00e7o est\u00e3o prontas para lhe fornecer pe\u00e7as sobressalentes de alta qualidade aos melhores pre\u00e7os poss\u00edveis.<\/p><\/div>\n\t\t\t\t<\/div>\n\t\t\t\t\t\t\t\t<\/div>\n\t\t\t\t<\/div>\n\t\t\t\t<\/div>\n\t\t\t\t\t<\/div>\n\t\t<\/div>\n\t\t\t\t\t<\/div>\n\t\t<\/section>\n\t\t\t\t<\/div>\n\t\t","protected":false},"excerpt":{"rendered":"<p>A Lovol Brasil comercializa a mais completa linha de m\u00e1quinas Lovol com tecnologia de ponta, sendo uma empresa din\u00e2mica que se antecipa \u00e0s necessidades dos produtores rurais, gerando tecnologia voltada para o aumento da produtividade e do lucro no campo. O&#8230;<\/p>\n","protected":false},"author":1,"featured_media":0,"parent":0,"menu_order":0,"comment_status":"closed","ping_status":"closed","template":"","meta":{"footnotes":""},"class_list":["post-34","page","type-page","status-publish","hentry"],"aioseo_notices":[],"_links":{"self":[{"href":"https:\/\/lovolbrasil.com.br\/agricultura\/wp-json\/wp\/v2\/pages\/34","targetHints":{"allow":["GET"]}}],"collection":[{"href":"https:\/\/lovolbrasil.com.br\/agricultura\/wp-json\/wp\/v2\/pages"}],"about":[{"href":"https:\/\/lovolbrasil.com.br\/agricultura\/wp-json\/wp\/v2\/types\/page"}],"author":[{"embeddable":true,"href":"https:\/\/lovolbrasil.com.br\/agricultura\/wp-json\/wp\/v2\/users\/1"}],"replies":[{"embeddable":true,"href":"https:\/\/lovolbrasil.com.br\/agricultura\/wp-json\/wp\/v2\/comments?post=34"}],"version-history":[{"count":40,"href":"https:\/\/lovolbrasil.com.br\/agricultura\/wp-json\/wp\/v2\/pages\/34\/revisions"}],"predecessor-version":[{"id":17796,"href":"https:\/\/lovolbrasil.com.br\/agricultura\/wp-json\/wp\/v2\/pages\/34\/revisions\/17796"}],"wp:attachment":[{"href":"https:\/\/lovolbrasil.com.br\/agricultura\/wp-json\/wp\/v2\/media?parent=34"}],"curies":[{"name":"wp","href":"https:\/\/api.w.org\/{rel}","templated":true}]}}