{"id":395,"date":"2022-07-22T20:17:26","date_gmt":"2022-07-22T20:17:26","guid":{"rendered":"https:\/\/demo.artureanec.com\/themes\/industrium\/?page_id=395"},"modified":"2023-07-14T18:14:14","modified_gmt":"2023-07-14T21:14:14","slug":"sobre-nos","status":"publish","type":"page","link":"https:\/\/lovolbrasil.com.br\/agricultura\/sobre-nos\/","title":{"rendered":"Sobre N\u00f3s"},"content":{"rendered":"\t\t<div data-elementor-type=\"wp-page\" data-elementor-id=\"395\" class=\"elementor elementor-395\">\n\t\t\t\t\t\t<section class=\"has_ae_slider elementor-section elementor-top-section elementor-element elementor-element-61ddadd elementor-section-boxed elementor-section-height-default elementor-section-height-default ae-bg-gallery-type-default\" data-id=\"61ddadd\" data-element_type=\"section\">\n\t\t\t\t\t\t<div class=\"elementor-container elementor-column-gap-wide\">\n\t\t\t\t\t<div class=\"has_ae_slider elementor-column elementor-col-50 elementor-top-column elementor-element elementor-element-5c62ccb ae-bg-gallery-type-default\" data-id=\"5c62ccb\" data-element_type=\"column\">\n\t\t\t<div class=\"elementor-widget-wrap elementor-element-populated\">\n\t\t\t\t\t\t<div class=\"elementor-element elementor-element-1845405 animated-fast elementor-invisible elementor-widget elementor-widget-image\" data-id=\"1845405\" data-element_type=\"widget\" data-settings=\"{&quot;_animation&quot;:&quot;image_clip_right&quot;,&quot;_animation_tablet_extra&quot;:&quot;none&quot;,&quot;_animation_delay&quot;:300}\" data-widget_type=\"image.default\">\n\t\t\t\t<div class=\"elementor-widget-container\">\n\t\t\t\t\t\t\t\t\t\t\t\t\t<img fetchpriority=\"high\" decoding=\"async\" width=\"530\" height=\"530\" src=\"https:\/\/lovolbrasil.com.br\/agricultura\/wp-content\/uploads\/2023\/06\/sobrenos-imagem1.jpg\" class=\"attachment-large size-large wp-image-16227\" alt=\"\" srcset=\"https:\/\/lovolbrasil.com.br\/agricultura\/wp-content\/uploads\/2023\/06\/sobrenos-imagem1.jpg 530w, https:\/\/lovolbrasil.com.br\/agricultura\/wp-content\/uploads\/2023\/06\/sobrenos-imagem1-300x300.jpg 300w, https:\/\/lovolbrasil.com.br\/agricultura\/wp-content\/uploads\/2023\/06\/sobrenos-imagem1-150x150.jpg 150w\" sizes=\"(max-width: 530px) 100vw, 530px\" \/>\t\t\t\t\t\t\t\t\t\t\t\t\t<\/div>\n\t\t\t\t<\/div>\n\t\t\t\t\t<\/div>\n\t\t<\/div>\n\t\t\t\t<div class=\"has_ae_slider elementor-column elementor-col-50 elementor-top-column elementor-element elementor-element-232ea29 ae-bg-gallery-type-default\" data-id=\"232ea29\" data-element_type=\"column\">\n\t\t\t<div class=\"elementor-widget-wrap elementor-element-populated\">\n\t\t\t\t\t\t<div class=\"elementor-element elementor-element-a15f496 elementor-widget elementor-widget-industrium_heading\" data-id=\"a15f496\" data-element_type=\"widget\" data-widget_type=\"industrium_heading.default\">\n\t\t\t\t<div class=\"elementor-widget-container\">\n\t\t\t<div class=\"industrium-heading-widget\"><h2 class=\"industrium-heading\"><span class=\"industrium-subheading\">Sobre a Lovol<\/span><span class=\"industrium-heading-content\">Desde 1946 produzindo m\u00e1quinas para o mundo<\/span><\/h2><\/div>\t\t<\/div>\n\t\t\t\t<\/div>\n\t\t\t\t<div class=\"elementor-element elementor-element-032b430 elementor-widget elementor-widget-text-editor\" data-id=\"032b430\" data-element_type=\"widget\" data-widget_type=\"text-editor.default\">\n\t\t\t\t<div class=\"elementor-widget-container\">\n\t\t\t\t\t\t\t<p>A Weichai Lovol \u00e9 um grupo internacional multi-campo e multi-ind\u00fastria que tem mais de 140.000 funcion\u00e1rios em todo o mundo. Suas subsidi\u00e1rias est\u00e3o espalhadas por toda a Europa, Am\u00e9rica do Norte, \u00c1sia e outras regi\u00f5es, e seus produtos s\u00e3o exportados para mais de 110 pa\u00edses e regi\u00f5es.<\/p>\t\t\t\t\t\t<\/div>\n\t\t\t\t<\/div>\n\t\t\t\t<div class=\"elementor-element elementor-element-6141658 elementor-widget elementor-widget-text-editor\" data-id=\"6141658\" data-element_type=\"widget\" data-widget_type=\"text-editor.default\">\n\t\t\t\t<div class=\"elementor-widget-container\">\n\t\t\t\t\t\t\t<p>S\u00e3o v\u00e1rias d\u00e9cadas com tecnologia de ponta para criar m\u00e1quinas robustas, econ\u00f4micas e que aguentam a lida do campo como nenhuma outra.<\/p>\t\t\t\t\t\t<\/div>\n\t\t\t\t<\/div>\n\t\t\t\t\t<\/div>\n\t\t<\/div>\n\t\t\t\t\t<\/div>\n\t\t<\/section>\n\t\t\t\t<section class=\"has_ae_slider elementor-section elementor-top-section elementor-element elementor-element-630a8fa elementor-section-full_width elementor-section-stretched elementor-section-height-default elementor-section-height-default ae-bg-gallery-type-default\" data-id=\"630a8fa\" data-element_type=\"section\" data-settings=\"{&quot;stretch_section&quot;:&quot;section-stretched&quot;,&quot;background_background&quot;:&quot;classic&quot;}\">\n\t\t\t\t\t\t<div class=\"elementor-container elementor-column-gap-no\">\n\t\t\t\t\t<div class=\"has_ae_slider elementor-column elementor-col-100 elementor-top-column elementor-element elementor-element-ed68f9e ae-bg-gallery-type-default\" data-id=\"ed68f9e\" data-element_type=\"column\">\n\t\t\t<div class=\"elementor-widget-wrap elementor-element-populated\">\n\t\t\t\t\t\t<div class=\"elementor-element elementor-element-78db5c6 elementor-absolute animated-fast decoration-type-1 elementor-invisible elementor-widget elementor-widget-industrium_decoration\" data-id=\"78db5c6\" data-element_type=\"widget\" data-settings=\"{&quot;_position&quot;:&quot;absolute&quot;,&quot;_animation&quot;:&quot;industrium_decoration&quot;,&quot;_animation_tablet_extra&quot;:&quot;none&quot;,&quot;_animation_delay&quot;:300}\" data-widget_type=\"industrium_decoration.default\">\n\t\t\t\t<div class=\"elementor-widget-container\">\n\t\t\t        <div class=\"decoration-widget\">\n            <div class=\"decoration-container\">\n                <div class=\"industrium-decoration\">\n                    <div><\/div><div><\/div><div><\/div>\n                <\/div>\n            <\/div>\n        <\/div>\n        \t\t<\/div>\n\t\t\t\t<\/div>\n\t\t\t\t<section class=\"has_ae_slider elementor-section elementor-inner-section elementor-element elementor-element-ef1f02f elementor-section-boxed elementor-section-height-default elementor-section-height-default ae-bg-gallery-type-default\" data-id=\"ef1f02f\" data-element_type=\"section\">\n\t\t\t\t\t\t<div class=\"elementor-container elementor-column-gap-wide\">\n\t\t\t\t\t<div class=\"has_ae_slider elementor-column elementor-col-33 elementor-inner-column elementor-element elementor-element-a1d6b89 ae-bg-gallery-type-default\" data-id=\"a1d6b89\" data-element_type=\"column\">\n\t\t\t<div class=\"elementor-widget-wrap elementor-element-populated\">\n\t\t\t\t\t\t<div class=\"elementor-element elementor-element-c501b3d elementor-widget elementor-widget-industrium_heading\" data-id=\"c501b3d\" data-element_type=\"widget\" data-widget_type=\"industrium_heading.default\">\n\t\t\t\t<div class=\"elementor-widget-container\">\n\t\t\t<div class=\"industrium-heading-widget\"><h2 class=\"industrium-heading\"><span class=\"industrium-heading-content\">Miss\u00e3o<\/span><\/h2><\/div>\t\t<\/div>\n\t\t\t\t<\/div>\n\t\t\t\t<div class=\"elementor-element elementor-element-c93e873 elementor-widget elementor-widget-text-editor\" data-id=\"c93e873\" data-element_type=\"widget\" data-widget_type=\"text-editor.default\">\n\t\t\t\t<div class=\"elementor-widget-container\">\n\t\t\t\t\t\t\t<p>Reinventar e revolucionar atrav\u00e9s da entrega de produtos e servi\u00e7os de alta qualidade, com pre\u00e7os acess\u00edveis e valor agregado.<\/p>\t\t\t\t\t\t<\/div>\n\t\t\t\t<\/div>\n\t\t\t\t\t<\/div>\n\t\t<\/div>\n\t\t\t\t<div class=\"has_ae_slider elementor-column elementor-col-33 elementor-inner-column elementor-element elementor-element-de7fdd5 ae-bg-gallery-type-default\" data-id=\"de7fdd5\" data-element_type=\"column\">\n\t\t\t<div class=\"elementor-widget-wrap elementor-element-populated\">\n\t\t\t\t\t\t<div class=\"elementor-element elementor-element-c1c0d95 elementor-widget elementor-widget-industrium_heading\" data-id=\"c1c0d95\" data-element_type=\"widget\" data-widget_type=\"industrium_heading.default\">\n\t\t\t\t<div class=\"elementor-widget-container\">\n\t\t\t<div class=\"industrium-heading-widget\"><h2 class=\"industrium-heading\"><span class=\"industrium-heading-content\">Vis\u00e3o<\/span><\/h2><\/div>\t\t<\/div>\n\t\t\t\t<\/div>\n\t\t\t\t<div class=\"elementor-element elementor-element-d18c8b9 elementor-widget elementor-widget-text-editor\" data-id=\"d18c8b9\" data-element_type=\"widget\" data-widget_type=\"text-editor.default\">\n\t\t\t\t<div class=\"elementor-widget-container\">\n\t\t\t\t\t\t\t<p>Ser uma l\u00edder no mercado, impulsionando a mudan\u00e7a e transforma\u00e7\u00e3o, atrav\u00e9s da reinven\u00e7\u00e3o constante e da revolu\u00e7\u00e3o de produtos e servi\u00e7os. Buscamos continuamente criar solu\u00e7\u00f5es inovadoras que superem as expectativas de nossos clientes e surpreendam o mercado.<\/p>\t\t\t\t\t\t<\/div>\n\t\t\t\t<\/div>\n\t\t\t\t\t<\/div>\n\t\t<\/div>\n\t\t\t\t<div class=\"has_ae_slider elementor-column elementor-col-33 elementor-inner-column elementor-element elementor-element-34c5270 ae-bg-gallery-type-default\" data-id=\"34c5270\" data-element_type=\"column\">\n\t\t\t<div class=\"elementor-widget-wrap elementor-element-populated\">\n\t\t\t\t\t\t<div class=\"elementor-element elementor-element-4f18de3 elementor-widget elementor-widget-industrium_heading\" data-id=\"4f18de3\" data-element_type=\"widget\" data-widget_type=\"industrium_heading.default\">\n\t\t\t\t<div class=\"elementor-widget-container\">\n\t\t\t<div class=\"industrium-heading-widget\"><h2 class=\"industrium-heading\"><span class=\"industrium-heading-content\">Valores<\/span><\/h2><\/div>\t\t<\/div>\n\t\t\t\t<\/div>\n\t\t\t\t<div class=\"elementor-element elementor-element-7347481 elementor-widget elementor-widget-text-editor\" data-id=\"7347481\" data-element_type=\"widget\" data-widget_type=\"text-editor.default\">\n\t\t\t\t<div class=\"elementor-widget-container\">\n\t\t\t\t\t\t\t<p>N\u00f3s nos pautamos por valores fundamentais, os quais incluem a inova\u00e7\u00e3o cont\u00ednua, a busca incessante pela excel\u00eancia, a acessibilidade, a gera\u00e7\u00e3o de valor adicional, a plena satisfa\u00e7\u00e3o do cliente e a colabora\u00e7\u00e3o entre nossa equipe.<\/p>\t\t\t\t\t\t<\/div>\n\t\t\t\t<\/div>\n\t\t\t\t\t<\/div>\n\t\t<\/div>\n\t\t\t\t\t<\/div>\n\t\t<\/section>\n\t\t\t\t\t<\/div>\n\t\t<\/div>\n\t\t\t\t\t<\/div>\n\t\t<\/section>\n\t\t\t\t<section class=\"has_ae_slider elementor-section elementor-top-section elementor-element elementor-element-38d041d elementor-section-boxed elementor-section-height-default elementor-section-height-default ae-bg-gallery-type-default\" data-id=\"38d041d\" data-element_type=\"section\">\n\t\t\t\t\t\t<div class=\"elementor-container elementor-column-gap-wide\">\n\t\t\t\t\t<div class=\"has_ae_slider elementor-column elementor-col-50 elementor-top-column elementor-element elementor-element-44515f5 ae-bg-gallery-type-default\" data-id=\"44515f5\" data-element_type=\"column\">\n\t\t\t<div class=\"elementor-widget-wrap elementor-element-populated\">\n\t\t\t\t\t\t<div class=\"elementor-element elementor-element-c4f1afe elementor-widget elementor-widget-industrium_heading\" data-id=\"c4f1afe\" data-element_type=\"widget\" data-widget_type=\"industrium_heading.default\">\n\t\t\t\t<div class=\"elementor-widget-container\">\n\t\t\t<div class=\"industrium-heading-widget\"><h2 class=\"industrium-heading\"><span class=\"industrium-subheading\">Weichai Lovol <\/span><span class=\"industrium-heading-content\">Um pouco de nossa hist\u00f3ria<\/span><\/h2><\/div>\t\t<\/div>\n\t\t\t\t<\/div>\n\t\t\t\t<div class=\"elementor-element elementor-element-92261c2 elementor-widget elementor-widget-text-editor\" data-id=\"92261c2\" data-element_type=\"widget\" data-widget_type=\"text-editor.default\">\n\t\t\t\t<div class=\"elementor-widget-container\">\n\t\t\t\t\t\t\t<p>A Weichai Lovol Heavy Industry atua na produ\u00e7\u00e3o de m\u00e1quinas de constru\u00e7\u00e3o, equipamentos agr\u00edcolas, ve\u00edculos, tecnologia de energia, tecnologia financeira, tecnologia de rede e ainda possui uma cadeia completa da ind\u00fastria de componentes principais.<\/p><p>Ela inova e adere ao modo de desenvolvimento de &#8216;P&amp;D Global, Fabrica\u00e7\u00e3o e Distribui\u00e7\u00e3o Global, e estabelece centros de P&amp;D, bases de fabrica\u00e7\u00e3o e redes de servi\u00e7os de marketing em muitos pa\u00edses estrangeiros.<\/p><p>Em termos de atendimento ao cliente, a Weichai Lovol Heavy Industry adere ao conceito de servi\u00e7o de &#8216;de todo o cora\u00e7\u00e3o para voc\u00ea&#8217;, criando uma experi\u00eancia de servi\u00e7o abrangente, interativa e completa para os clientes, expandindo continuamente novas \u00e1reas de valor agregado para o cliente.<\/p><p>De frente para o futuro, a Weichai Lovol Heavy Industry continuar\u00e1 a acelerar o ritmo do desenvolvimento da globaliza\u00e7\u00e3o, construir e melhorar o sistema de controle de opera\u00e7\u00e3o global, aderindo aos valores fundamentais de honestidade, respeito, inova\u00e7\u00e3o, paix\u00e3o e equipe profissional, al\u00e9m de sempre aderir ao princ\u00edpio centrado no cliente e retribuir aos parceiros globais, produtos e servi\u00e7os de alta qualidade.<\/p>\t\t\t\t\t\t<\/div>\n\t\t\t\t<\/div>\n\t\t\t\t\t<\/div>\n\t\t<\/div>\n\t\t\t\t<div class=\"has_ae_slider elementor-column elementor-col-50 elementor-top-column elementor-element elementor-element-99952ee ae-bg-gallery-type-default\" data-id=\"99952ee\" data-element_type=\"column\">\n\t\t\t<div class=\"elementor-widget-wrap elementor-element-populated\">\n\t\t\t\t\t\t<div class=\"elementor-element elementor-element-727185a animated-fast elementor-invisible elementor-widget elementor-widget-image\" data-id=\"727185a\" data-element_type=\"widget\" data-settings=\"{&quot;_animation&quot;:&quot;image_clip_right&quot;,&quot;_animation_delay&quot;:300,&quot;_animation_tablet_extra&quot;:&quot;none&quot;}\" data-widget_type=\"image.default\">\n\t\t\t\t<div class=\"elementor-widget-container\">\n\t\t\t\t\t\t\t\t\t\t\t\t\t<img decoding=\"async\" width=\"650\" height=\"560\" src=\"https:\/\/lovolbrasil.com.br\/agricultura\/wp-content\/uploads\/2023\/06\/sobrenos-imagem2.jpg\" class=\"attachment-industrium_portfolio_grid_2_columns size-industrium_portfolio_grid_2_columns wp-image-16228\" alt=\"\" srcset=\"https:\/\/lovolbrasil.com.br\/agricultura\/wp-content\/uploads\/2023\/06\/sobrenos-imagem2.jpg 650w, https:\/\/lovolbrasil.com.br\/agricultura\/wp-content\/uploads\/2023\/06\/sobrenos-imagem2-300x258.jpg 300w, https:\/\/lovolbrasil.com.br\/agricultura\/wp-content\/uploads\/2023\/06\/sobrenos-imagem2-320x277.jpg 320w\" sizes=\"(max-width: 650px) 100vw, 650px\" \/>\t\t\t\t\t\t\t\t\t\t\t\t\t<\/div>\n\t\t\t\t<\/div>\n\t\t\t\t\t<\/div>\n\t\t<\/div>\n\t\t\t\t\t<\/div>\n\t\t<\/section>\n\t\t\t\t<\/div>\n\t\t","protected":false},"excerpt":{"rendered":"<p>A Weichai Lovol \u00e9 um grupo internacional multi-campo e multi-ind\u00fastria que tem mais de 140.000 funcion\u00e1rios em todo o mundo. Suas subsidi\u00e1rias est\u00e3o espalhadas por toda a Europa, Am\u00e9rica do Norte, \u00c1sia e outras regi\u00f5es, e seus produtos s\u00e3o exportados para&#8230;<\/p>\n","protected":false},"author":1,"featured_media":0,"parent":0,"menu_order":0,"comment_status":"closed","ping_status":"closed","template":"","meta":{"footnotes":""},"class_list":["post-395","page","type-page","status-publish","hentry"],"aioseo_notices":[],"_links":{"self":[{"href":"https:\/\/lovolbrasil.com.br\/agricultura\/wp-json\/wp\/v2\/pages\/395","targetHints":{"allow":["GET"]}}],"collection":[{"href":"https:\/\/lovolbrasil.com.br\/agricultura\/wp-json\/wp\/v2\/pages"}],"about":[{"href":"https:\/\/lovolbrasil.com.br\/agricultura\/wp-json\/wp\/v2\/types\/page"}],"author":[{"embeddable":true,"href":"https:\/\/lovolbrasil.com.br\/agricultura\/wp-json\/wp\/v2\/users\/1"}],"replies":[{"embeddable":true,"href":"https:\/\/lovolbrasil.com.br\/agricultura\/wp-json\/wp\/v2\/comments?post=395"}],"version-history":[{"count":56,"href":"https:\/\/lovolbrasil.com.br\/agricultura\/wp-json\/wp\/v2\/pages\/395\/revisions"}],"predecessor-version":[{"id":17118,"href":"https:\/\/lovolbrasil.com.br\/agricultura\/wp-json\/wp\/v2\/pages\/395\/revisions\/17118"}],"wp:attachment":[{"href":"https:\/\/lovolbrasil.com.br\/agricultura\/wp-json\/wp\/v2\/media?parent=395"}],"curies":[{"name":"wp","href":"https:\/\/api.w.org\/{rel}","templated":true}]}}